{"id":436,"date":"2021-07-05T22:03:01","date_gmt":"2021-07-05T19:03:01","guid":{"rendered":"https:\/\/serdarcatav.com\/?page_id=436"},"modified":"2021-07-05T22:03:44","modified_gmt":"2021-07-05T19:03:44","slug":"tetik-nokta-trigger-point","status":"publish","type":"page","link":"https:\/\/serdarcatav.com\/ar\/bel-bacak-ve-diz-agrilari\/tetik-nokta-trigger-point\/","title":{"rendered":"Tetik Nokta (Trigger Point)"},"content":{"rendered":"\t\t<div data-elementor-type=\"wp-page\" data-elementor-id=\"436\" class=\"elementor elementor-436\">\n\t\t\t\t\t\t\t\t\t<section class=\"elementor-section elementor-top-section elementor-element elementor-element-75ba645 elementor-section-boxed elementor-section-height-default elementor-section-height-default\" data-id=\"75ba645\" data-element_type=\"section\" data-settings=\"{&quot;background_background&quot;:&quot;gradient&quot;}\">\n\t\t\t\t\t\t\t<div class=\"elementor-background-overlay\"><\/div>\n\t\t\t\t\t\t\t<div class=\"elementor-container elementor-column-gap-default\">\n\t\t\t\t\t<div class=\"elementor-column elementor-col-100 elementor-top-column elementor-element elementor-element-8a763b4\" data-id=\"8a763b4\" data-element_type=\"column\">\n\t\t\t<div class=\"elementor-widget-wrap elementor-element-populated\">\n\t\t\t\t\t\t\t\t<div class=\"elementor-element elementor-element-ed56182 elementor-widget elementor-widget-heading\" data-id=\"ed56182\" data-element_type=\"widget\" data-widget_type=\"heading.default\">\n\t\t\t\t<div class=\"elementor-widget-container\">\n\t\t\t<h1 class=\"elementor-heading-title elementor-size-default\">Tetik Nokta (Trigger Point)\n<\/h1>\t\t<\/div>\n\t\t\t\t<\/div>\n\t\t\t\t<div class=\"elementor-element elementor-element-3f5470b elementor-icon-list--layout-inline elementor-align-center elementor-list-item-link-full_width elementor-widget elementor-widget-icon-list\" data-id=\"3f5470b\" data-element_type=\"widget\" data-widget_type=\"icon-list.default\">\n\t\t\t\t<div class=\"elementor-widget-container\">\n\t\t\t\t\t<ul class=\"elementor-icon-list-items elementor-inline-items\">\n\t\t\t\t\t\t\t<li class=\"elementor-icon-list-item elementor-inline-item\">\n\t\t\t\t\t\t\t\t\t\t\t<a href=\"http:\/\/serdarcatav.com\/\">\n\n\t\t\t\t\t\t\t\t\t\t\t\t<span class=\"elementor-icon-list-icon\">\n\t\t\t\t\t\t\t<i aria-hidden=\"true\" class=\"icon icon-home\"><\/i>\t\t\t\t\t\t<\/span>\n\t\t\t\t\t\t\t\t\t\t<span class=\"elementor-icon-list-text\">Anasayfa<\/span>\n\t\t\t\t\t\t\t\t\t\t\t<\/a>\n\t\t\t\t\t\t\t\t\t<\/li>\n\t\t\t\t\t\t\t\t<li class=\"elementor-icon-list-item elementor-inline-item\">\n\t\t\t\t\t\t\t\t\t\t\t<a href=\"http:\/\/serdarcatav.com\/agrilarimiz\/\">\n\n\t\t\t\t\t\t\t\t\t\t\t\t<span class=\"elementor-icon-list-icon\">\n\t\t\t\t\t\t\t<i aria-hidden=\"true\" class=\"fas fa-chevron-right\"><\/i>\t\t\t\t\t\t<\/span>\n\t\t\t\t\t\t\t\t\t\t<span class=\"elementor-icon-list-text\">Ba\u015f, Boyun ve \u00dcst Ekstemite A\u011fr\u0131lar\u0131<\/span>\n\t\t\t\t\t\t\t\t\t\t\t<\/a>\n\t\t\t\t\t\t\t\t\t<\/li>\n\t\t\t\t\t\t\t\t<li class=\"elementor-icon-list-item elementor-inline-item\">\n\t\t\t\t\t\t\t\t\t\t\t<span class=\"elementor-icon-list-icon\">\n\t\t\t\t\t\t\t<i aria-hidden=\"true\" class=\"fas fa-chevron-right\"><\/i>\t\t\t\t\t\t<\/span>\n\t\t\t\t\t\t\t\t\t\t<span class=\"elementor-icon-list-text\">Tetik Nokta (Trigger Point)<\/span>\n\t\t\t\t\t\t\t\t\t<\/li>\n\t\t\t\t\t\t<\/ul>\n\t\t\t\t<\/div>\n\t\t\t\t<\/div>\n\t\t\t\t\t<\/div>\n\t\t<\/div>\n\t\t\t\t\t\t\t<\/div>\n\t\t<\/section>\n\t\t\t\t<section class=\"elementor-section elementor-top-section elementor-element elementor-element-f5095d6 elementor-section-boxed elementor-section-height-default elementor-section-height-default\" data-id=\"f5095d6\" data-element_type=\"section\">\n\t\t\t\t\t\t\t<div class=\"elementor-background-overlay\"><\/div>\n\t\t\t\t\t\t\t<div class=\"elementor-container elementor-column-gap-default\">\n\t\t\t\t\t<div class=\"elementor-column elementor-col-100 elementor-top-column elementor-element elementor-element-082c98f\" data-id=\"082c98f\" data-element_type=\"column\" data-settings=\"{&quot;background_background&quot;:&quot;classic&quot;}\">\n\t\t\t<div class=\"elementor-widget-wrap elementor-element-populated\">\n\t\t\t\t\t\t\t\t<div class=\"elementor-element elementor-element-1c88e3c elementor-widget elementor-widget-heading\" data-id=\"1c88e3c\" data-element_type=\"widget\" data-widget_type=\"heading.default\">\n\t\t\t\t<div class=\"elementor-widget-container\">\n\t\t\t<h2 class=\"elementor-heading-title elementor-size-default\">Tetik Nokta (Trigger Point)<\/h2>\t\t<\/div>\n\t\t\t\t<\/div>\n\t\t\t\t<div class=\"elementor-element elementor-element-93e97d0 elementor-widget elementor-widget-text-editor\" data-id=\"93e97d0\" data-element_type=\"widget\" data-widget_type=\"text-editor.default\">\n\t\t\t\t<div class=\"elementor-widget-container\">\n\t\t\t\t\t\t\t<p class=\"p1\"><span class=\"s1\">Miyofasiyal tetik noktas\u0131, kaslarda<span class=\"Apple-converted-space\">\u00a0 <\/span>gergin bir bantta ,a\u015f\u0131r\u0131 duyarl\u0131, palpe edilebilen bir nod\u00fcl ile ili\u015fkili olan, a\u015f\u0131r\u0131 irrite olabilen bir nokta olarak tan\u0131mlan\u0131r .Tetik noktalar\u0131 travma, yaralanma, iltihaplanma veya di\u011fer fakt\u00f6rler nedeniyle geli\u015febilir. Tetik noktas\u0131, istirahatte de a\u011fr\u0131l\u0131 olabilir (buna aktif tetik noktas\u0131 denir). Gizli bir tetik noktas\u0131 ise spontan a\u011fr\u0131ya neden olmaz, ancak ki\u015finin o b\u00f6lgedeki hareket a\u00e7\u0131kl\u0131\u011f\u0131n\u0131 s\u0131n\u0131rlayabilir veya kas zay\u0131fl\u0131\u011f\u0131na neden olabilir.<\/span><\/p><p class=\"p1\"><span class=\"s1\">Ba\u015f, boyun ve omuz kaslar\u0131n\u0131n i\u00e7indeki tetik noktalar kendili\u011finden ba\u015f a\u011fr\u0131s\u0131na neden olabilir . Ek olarak<span class=\"Apple-converted-space\">\u00a0 <\/span>migren, gerilim tipi, travma sonras\u0131 ve di\u011fer ba\u015f a\u011fr\u0131s\u0131 bozukluklar\u0131 olan hastalarda tetik noktalar mevcut olabilir ve altta yatan ba\u015f a\u011fr\u0131s\u0131 durumu i\u00e7in k\u00f6t\u00fcle\u015ftiren veya devam ettiren fakt\u00f6rler olabilir.<\/span><\/p><p class=\"p1\"><span class=\"s1\">Tetik noktas\u0131 prosed\u00fcr\u00fcnde,<span class=\"Apple-converted-space\">\u00a0 <\/span>hassasiyet olan kasta hastan\u0131n tetik noktas\u0131na k\u00fc\u00e7\u00fck bir i\u011fne sokularak anestezik ila\u00e7 kas i\u00e7ine enjekte edilir. B\u00f6ylelikle kas\u0131 \u00e7evreleyen sinirlerdeki a\u011fr\u0131 resept\u00f6rleri<span class=\"Apple-converted-space\">\u00a0 <\/span>bloke edilerek beyne g\u00f6nderilen a\u011fr\u0131 sinyalleri azalt\u0131l\u0131r. Steroid ila\u00e7 kullan\u0131l\u0131yorsa, sinirlerin etraf\u0131ndaki dokunun inflamasyonunu ve \u015fi\u015fmesini azalt\u0131r, bu da a\u011fr\u0131y\u0131 azaltmaya yard\u0131mc\u0131 olabilir. <span class=\"Apple-converted-space\">\u00a0<\/span><\/span><\/p><p class=\"p1\"><span class=\"s1\">\u0130la\u00e7s\u0131z i\u011fne mekanik olarak ba\u011f\u0131ms\u0131z faydalar bile sa\u011flayabilir. \u0130\u011fne kas lifini ay\u0131r\u0131r, gev\u015fetir ve uzatarak daha fazla a\u011fr\u0131 kesici sa\u011flar. Bu yakla\u015f\u0131ma &#8220;kuru i\u011fneleme&#8221; ad\u0131 verilir ve anestezik ilaca alerjisi olan hastalarda kullan\u0131labilir. Baz\u0131 ba\u015f a\u011fr\u0131s\u0131 uzmanlar\u0131, ayn\u0131 tedavi seans\u0131nda periferik sinir bloklar\u0131 ile birlikte tetik noktas\u0131 enjeksiyonlar\u0131 ger\u00e7ekle\u015ftirir.<\/span><\/p>\t\t\t\t\t\t<\/div>\n\t\t\t\t<\/div>\n\t\t\t\t<div class=\"elementor-element elementor-element-988d742 elementor-align-center elementor-widget elementor-widget-button\" data-id=\"988d742\" data-element_type=\"widget\" data-widget_type=\"button.default\">\n\t\t\t\t<div class=\"elementor-widget-container\">\n\t\t\t\t\t<div class=\"elementor-button-wrapper\">\n\t\t\t<a class=\"elementor-button elementor-button-link elementor-size-lg\" href=\"http:\/\/serdarcatav.com\/iletisim\/\">\n\t\t\t\t\t\t<span class=\"elementor-button-content-wrapper\">\n\t\t\t\t\t\t<span class=\"elementor-button-text\">Randevu Olu\u015ftur<\/span>\n\t\t<\/span>\n\t\t\t\t\t<\/a>\n\t\t<\/div>\n\t\t\t\t<\/div>\n\t\t\t\t<\/div>\n\t\t\t\t\t<\/div>\n\t\t<\/div>\n\t\t\t\t\t\t\t<\/div>\n\t\t<\/section>\n\t\t\t\t\t\t\t<\/div>\n\t\t","protected":false},"excerpt":{"rendered":"<p>Tetik Nokta (Trigger Point) Anasayfa Ba\u015f, Boyun ve \u00dcst Ekstemite A\u011fr\u0131lar\u0131 Tetik Nokta (Trigger Point) Tetik Nokta (Trigger Point) Miyofasiyal tetik noktas\u0131, kaslarda\u00a0 gergin bir bantta ,a\u015f\u0131r\u0131 duyarl\u0131, palpe edilebilen bir nod\u00fcl ile ili\u015fkili olan, a\u015f\u0131r\u0131 irrite olabilen bir nokta olarak tan\u0131mlan\u0131r .Tetik noktalar\u0131 travma, yaralanma, iltihaplanma veya di\u011fer fakt\u00f6rler nedeniyle geli\u015febilir. Tetik noktas\u0131, istirahatte [&hellip;]<\/p>\n","protected":false},"author":1,"featured_media":0,"parent":345,"menu_order":0,"comment_status":"closed","ping_status":"closed","template":"elementor_header_footer","meta":{"footnotes":"","_joinchat":[]},"_links":{"self":[{"href":"https:\/\/serdarcatav.com\/ar\/wp-json\/wp\/v2\/pages\/436"}],"collection":[{"href":"https:\/\/serdarcatav.com\/ar\/wp-json\/wp\/v2\/pages"}],"about":[{"href":"https:\/\/serdarcatav.com\/ar\/wp-json\/wp\/v2\/types\/page"}],"author":[{"embeddable":true,"href":"https:\/\/serdarcatav.com\/ar\/wp-json\/wp\/v2\/users\/1"}],"replies":[{"embeddable":true,"href":"https:\/\/serdarcatav.com\/ar\/wp-json\/wp\/v2\/comments?post=436"}],"version-history":[{"count":5,"href":"https:\/\/serdarcatav.com\/ar\/wp-json\/wp\/v2\/pages\/436\/revisions"}],"predecessor-version":[{"id":441,"href":"https:\/\/serdarcatav.com\/ar\/wp-json\/wp\/v2\/pages\/436\/revisions\/441"}],"up":[{"embeddable":true,"href":"https:\/\/serdarcatav.com\/ar\/wp-json\/wp\/v2\/pages\/345"}],"wp:attachment":[{"href":"https:\/\/serdarcatav.com\/ar\/wp-json\/wp\/v2\/media?parent=436"}],"curies":[{"name":"wp","href":"https:\/\/api.w.org\/{rel}","templated":true}]}}